{"id":32,"date":"2020-09-18T08:18:22","date_gmt":"2020-09-18T06:18:22","guid":{"rendered":"https:\/\/sp5pyskowice.pl\/swietlica\/?page_id=32"},"modified":"2021-02-09T17:21:03","modified_gmt":"2021-02-09T16:21:03","slug":"wazne-dokumenty","status":"publish","type":"page","link":"https:\/\/sp5pyskowice.pl\/swietlica\/wazne-dokumenty\/","title":{"rendered":"Wa\u017cne dokumenty"},"content":{"rendered":"\n<p>          <\/p>\n\n\n\n<p>  <\/p><\/br>\n\n\n\n<div class=\"wp-block-file aligncenter\"><a href=\"https:\/\/sp5pyskowice.pl\/swietlica\/wp-content\/uploads\/2021\/02\/zgloszenie_do_swietlicy_RODO.doc\"><strong>KARTA ZG\u0141OSZENIA DO \u015aWIETLICY SZKOLNEJ<\/strong><\/a><a href=\"https:\/\/sp5pyskowice.pl\/swietlica\/wp-content\/uploads\/2021\/02\/zgloszenie_do_swietlicy_RODO.doc\" class=\"wp-block-file__button\" download>Pobierz<\/a><\/div>\n\n\n\n<p>  <\/p><\/br>\n\n\n\n<div class=\"wp-block-file aligncenter\"><a href=\"https:\/\/sp5pyskowice.pl\/swietlica\/wp-content\/uploads\/2021\/02\/zgloszenie_do_stolowki_RODO.docx\"><strong>ZG\u0141OSZENIE DO STO\u0141\u00d3WKI &#8211; RODO<\/strong><\/a><a href=\"https:\/\/sp5pyskowice.pl\/swietlica\/wp-content\/uploads\/2021\/02\/zgloszenie_do_stolowki_RODO.docx\" class=\"wp-block-file__button\" download>Pobierz<\/a><\/div>\n\n\n\n<p><\/p>\n","protected":false},"excerpt":{"rendered":"","protected":false},"author":1,"featured_media":0,"parent":0,"menu_order":0,"comment_status":"closed","ping_status":"closed","template":"","meta":{"footnotes":""},"_links":{"self":[{"href":"https:\/\/sp5pyskowice.pl\/swietlica\/wp-json\/wp\/v2\/pages\/32"}],"collection":[{"href":"https:\/\/sp5pyskowice.pl\/swietlica\/wp-json\/wp\/v2\/pages"}],"about":[{"href":"https:\/\/sp5pyskowice.pl\/swietlica\/wp-json\/wp\/v2\/types\/page"}],"author":[{"embeddable":true,"href":"https:\/\/sp5pyskowice.pl\/swietlica\/wp-json\/wp\/v2\/users\/1"}],"replies":[{"embeddable":true,"href":"https:\/\/sp5pyskowice.pl\/swietlica\/wp-json\/wp\/v2\/comments?post=32"}],"version-history":[{"count":12,"href":"https:\/\/sp5pyskowice.pl\/swietlica\/wp-json\/wp\/v2\/pages\/32\/revisions"}],"predecessor-version":[{"id":133,"href":"https:\/\/sp5pyskowice.pl\/swietlica\/wp-json\/wp\/v2\/pages\/32\/revisions\/133"}],"wp:attachment":[{"href":"https:\/\/sp5pyskowice.pl\/swietlica\/wp-json\/wp\/v2\/media?parent=32"}],"curies":[{"name":"wp","href":"https:\/\/api.w.org\/{rel}","templated":true}]}}