{"id":79,"date":"2021-02-04T18:31:37","date_gmt":"2021-02-04T17:31:37","guid":{"rendered":"https:\/\/sp5pyskowice.pl\/swietlica\/?page_id=79"},"modified":"2026-03-31T11:13:14","modified_gmt":"2026-03-31T09:13:14","slug":"jadlospis","status":"publish","type":"page","link":"https:\/\/sp5pyskowice.pl\/swietlica\/jadlospis\/","title":{"rendered":"Jad\u0142ospis"},"content":{"rendered":"\n<p><\/p>\n\n\n\n<p><\/p>\n\n\n\n<p>P\u0142atno\u015b\u0107 za obiady zawsze do 20-go ka\u017cdego miesi\u0105ca.<\/p>\n\n\n\n<p><\/p>\n\n\n\n<figure class=\"wp-block-gallery has-nested-images columns-default is-cropped wp-block-gallery-1 is-layout-flex wp-block-gallery-is-layout-flex\">\n<figure class=\"wp-block-image size-large\"><img loading=\"lazy\" decoding=\"async\" width=\"768\" height=\"1024\" data-id=\"4248\" src=\"https:\/\/sp5pyskowice.pl\/swietlica\/wp-content\/uploads\/2026\/03\/1-1-768x1024.jpg\" alt=\"\" class=\"wp-image-4248\" srcset=\"https:\/\/sp5pyskowice.pl\/swietlica\/wp-content\/uploads\/2026\/03\/1-1-768x1024.jpg 768w, https:\/\/sp5pyskowice.pl\/swietlica\/wp-content\/uploads\/2026\/03\/1-1-225x300.jpg 225w, https:\/\/sp5pyskowice.pl\/swietlica\/wp-content\/uploads\/2026\/03\/1-1-1152x1536.jpg 1152w, https:\/\/sp5pyskowice.pl\/swietlica\/wp-content\/uploads\/2026\/03\/1-1.jpg 1500w\" sizes=\"(max-width: 768px) 100vw, 768px\" \/><\/figure>\n<\/figure>\n\n\n\n<figure class=\"wp-block-gallery has-nested-images columns-default is-cropped wp-block-gallery-2 is-layout-flex wp-block-gallery-is-layout-flex\">\n<figure class=\"wp-block-image size-large\"><img loading=\"lazy\" decoding=\"async\" width=\"768\" height=\"1024\" data-id=\"4249\" src=\"https:\/\/sp5pyskowice.pl\/swietlica\/wp-content\/uploads\/2026\/03\/2-1-768x1024.jpg\" alt=\"\" class=\"wp-image-4249\" srcset=\"https:\/\/sp5pyskowice.pl\/swietlica\/wp-content\/uploads\/2026\/03\/2-1-768x1024.jpg 768w, https:\/\/sp5pyskowice.pl\/swietlica\/wp-content\/uploads\/2026\/03\/2-1-225x300.jpg 225w, https:\/\/sp5pyskowice.pl\/swietlica\/wp-content\/uploads\/2026\/03\/2-1-1152x1536.jpg 1152w, https:\/\/sp5pyskowice.pl\/swietlica\/wp-content\/uploads\/2026\/03\/2-1.jpg 1500w\" sizes=\"(max-width: 768px) 100vw, 768px\" \/><\/figure>\n<\/figure>\n\n\n\n<figure class=\"wp-block-gallery has-nested-images columns-default is-cropped wp-block-gallery-3 is-layout-flex wp-block-gallery-is-layout-flex\">\n<figure class=\"wp-block-image size-large\"><img loading=\"lazy\" decoding=\"async\" width=\"768\" height=\"1024\" data-id=\"4250\" src=\"https:\/\/sp5pyskowice.pl\/swietlica\/wp-content\/uploads\/2026\/03\/3-1-768x1024.jpg\" alt=\"\" class=\"wp-image-4250\" srcset=\"https:\/\/sp5pyskowice.pl\/swietlica\/wp-content\/uploads\/2026\/03\/3-1-768x1024.jpg 768w, https:\/\/sp5pyskowice.pl\/swietlica\/wp-content\/uploads\/2026\/03\/3-1-225x300.jpg 225w, https:\/\/sp5pyskowice.pl\/swietlica\/wp-content\/uploads\/2026\/03\/3-1-1152x1536.jpg 1152w, https:\/\/sp5pyskowice.pl\/swietlica\/wp-content\/uploads\/2026\/03\/3-1.jpg 1500w\" sizes=\"(max-width: 768px) 100vw, 768px\" \/><\/figure>\n<\/figure>\n\n\n\n<figure class=\"wp-block-gallery has-nested-images columns-default is-cropped wp-block-gallery-4 is-layout-flex wp-block-gallery-is-layout-flex\">\n<figure class=\"wp-block-image size-large\"><img loading=\"lazy\" decoding=\"async\" width=\"768\" height=\"1024\" data-id=\"4251\" src=\"https:\/\/sp5pyskowice.pl\/swietlica\/wp-content\/uploads\/2026\/03\/4-1-768x1024.jpg\" alt=\"\" class=\"wp-image-4251\" srcset=\"https:\/\/sp5pyskowice.pl\/swietlica\/wp-content\/uploads\/2026\/03\/4-1-768x1024.jpg 768w, https:\/\/sp5pyskowice.pl\/swietlica\/wp-content\/uploads\/2026\/03\/4-1-225x300.jpg 225w, https:\/\/sp5pyskowice.pl\/swietlica\/wp-content\/uploads\/2026\/03\/4-1-1152x1536.jpg 1152w, https:\/\/sp5pyskowice.pl\/swietlica\/wp-content\/uploads\/2026\/03\/4-1.jpg 1500w\" sizes=\"(max-width: 768px) 100vw, 768px\" \/><\/figure>\n<\/figure>\n\n\n\n<figure class=\"wp-block-gallery has-nested-images columns-default is-cropped wp-block-gallery-5 is-layout-flex wp-block-gallery-is-layout-flex\">\n<figure class=\"wp-block-image size-large\"><img loading=\"lazy\" decoding=\"async\" width=\"768\" height=\"1024\" data-id=\"4239\" src=\"https:\/\/sp5pyskowice.pl\/swietlica\/wp-content\/uploads\/2026\/03\/5-768x1024.jpg\" alt=\"\" class=\"wp-image-4239\" srcset=\"https:\/\/sp5pyskowice.pl\/swietlica\/wp-content\/uploads\/2026\/03\/5-768x1024.jpg 768w, https:\/\/sp5pyskowice.pl\/swietlica\/wp-content\/uploads\/2026\/03\/5-225x300.jpg 225w, https:\/\/sp5pyskowice.pl\/swietlica\/wp-content\/uploads\/2026\/03\/5-1152x1536.jpg 1152w, https:\/\/sp5pyskowice.pl\/swietlica\/wp-content\/uploads\/2026\/03\/5.jpg 1200w\" sizes=\"(max-width: 768px) 100vw, 768px\" \/><\/figure>\n<\/figure>\n\n\n\n<figure class=\"wp-block-gallery has-nested-images columns-default is-cropped wp-block-gallery-6 is-layout-flex wp-block-gallery-is-layout-flex\">\n<figure class=\"wp-block-image size-large\"><img loading=\"lazy\" decoding=\"async\" width=\"768\" height=\"1024\" data-id=\"4252\" src=\"https:\/\/sp5pyskowice.pl\/swietlica\/wp-content\/uploads\/2026\/03\/5-1-768x1024.jpg\" alt=\"\" class=\"wp-image-4252\" srcset=\"https:\/\/sp5pyskowice.pl\/swietlica\/wp-content\/uploads\/2026\/03\/5-1-768x1024.jpg 768w, https:\/\/sp5pyskowice.pl\/swietlica\/wp-content\/uploads\/2026\/03\/5-1-225x300.jpg 225w, https:\/\/sp5pyskowice.pl\/swietlica\/wp-content\/uploads\/2026\/03\/5-1-1152x1536.jpg 1152w, https:\/\/sp5pyskowice.pl\/swietlica\/wp-content\/uploads\/2026\/03\/5-1.jpg 1500w\" sizes=\"(max-width: 768px) 100vw, 768px\" \/><\/figure>\n<\/figure>\n\n\n\n<p class=\"has-text-align-center\">UWAGA!! W zwi\u0105zku z obowi\u0105zkiem stosowania m.in. przez plac\u00f3wki szkolne Rozporz\u0105dzenia Parlamentu Europejskiego i Rady (UE) nr 1169\/2011, kt\u00f3re m\u00f3wi o obowi\u0105zku przekazywania konsumentom informacji na temat obecnych w serwowanej \u017cywno\u015bci sk\u0142adnik\u00f3w lub innych substancji mog\u0105cych powodowa\u0107 alergie nietolerancji, zamieszczamy do og\u00f3lnego zapoznania si\u0119 wyci\u0105g z w\/w rozporz\u0105dzenia, tj.<\/p>\n\n\n\n<p class=\"has-text-align-center\">UWAGA!! W zwi\u0105zku z obowi\u0105zkiem stosowania m.in. przez plac\u00f3wki szkolne Rozporz\u0105dzenia Parlamentu Europejskiego i Rady (UE) nr 1169\/2011, kt\u00f3re m\u00f3wi o obowi\u0105zku przekazywania konsumentom informacji na temat obecnych w serwowanej \u017cywno\u015bci sk\u0142adnik\u00f3w lub innych substancji mog\u0105cych powodowa\u0107 alergie nietolerancji, zamieszczamy do og\u00f3lnego zapoznania si\u0119 wyci\u0105g z w\/w rozporz\u0105dzenia, tj.<\/p>\n\n\n\n<figure class=\"wp-block-gallery has-nested-images columns-default is-cropped wp-block-gallery-7 is-layout-flex wp-block-gallery-is-layout-flex\">\n<figure class=\"wp-block-image\"><img decoding=\"async\" src=\"blob:https:\/\/sp5pyskowice.pl\/a7410f20-d9e2-4a05-88c7-79c89f7a9b5b\" alt=\"\"\/><\/figure>\n<\/figure>\n\n\n\n<p class=\"has-text-align-center\">Wykaz substancji i produkt\u00f3w powoduj\u0105cych alergie lub reakcje nietolerancji<\/p>\n\n\n\n<p class=\"has-text-align-center\">1. Zbo\u017ca zawieraj\u0105ce gluten, tj. pszenica, \u017cyto, j\u0119czmie\u0144, owies, orkisz, kamut lub ich odmiany hybrydowe, a tak\u017ce produkty pochodne <\/p>\n\n\n\n<p class=\"has-text-align-center\">2. Skorupiaki i produkty pochodne <\/p>\n\n\n\n<p class=\"has-text-align-center\">3. Jaja i produkty pochodne <\/p>\n\n\n\n<p class=\"has-text-align-center\">4. Ryby i produkty pochodne <\/p>\n\n\n\n<p class=\"has-text-align-center\">5. Orzeszki ziemne (arachidowe) i produkty pochodne <\/p>\n\n\n\n<p class=\"has-text-align-center\">6. Soja i produkty pochodne <\/p>\n\n\n\n<p class=\"has-text-align-center\">7. Mleko i produkty pochodne (\u0142\u0105cznie z laktoz\u0105) <\/p>\n\n\n\n<p class=\"has-text-align-center\">8. Orzechy tj. migda\u0142y, orzechy laskowe, orzechy w\u0142oskie, orzechy nerkowca, orzeszki pekan, orzechy brazylijskie, pistacje\/orzechy pistacjowe, orzechy makadamie a tak\u017ce produkty pochodne <\/p>\n\n\n\n<p class=\"has-text-align-center\">9. Seler i produkty pochodne <\/p>\n\n\n\n<p class=\"has-text-align-center\">10. Gorczyca i produkty pochodne <\/p>\n\n\n\n<p class=\"has-text-align-center\">11. Nasiona sezamu i produkty pochodne <\/p>\n\n\n\n<p class=\"has-text-align-center\">12. Dwutlenek siarki i siarczyny w st\u0119\u017ceniach powy\u017cej 10mg\/kg lub 10mg\/litr <\/p>\n\n\n\n<p class=\"has-text-align-center\">13. \u0141ubin i produkty pochodne <\/p>\n\n\n\n<p class=\"has-text-align-center\">14. Mi\u0119czaki i produkty pochodne<\/p>\n\n\n\n<p class=\"has-text-align-right has-vivid-cyan-blue-color has-text-color\" style=\"font-size:31px\"><strong>Smacznego!<\/strong><\/p>\n\n\n\n<p><br>&nbsp;&nbsp;&nbsp;&nbsp;&nbsp;&nbsp;&nbsp;&nbsp;&nbsp;&nbsp;&nbsp;&nbsp;&nbsp;&nbsp;&nbsp;&nbsp;&nbsp;&nbsp;<\/p>\n\n\n\n<figure class=\"wp-block-gallery has-nested-images columns-default is-cropped wp-block-gallery-8 is-layout-flex wp-block-gallery-is-layout-flex\"><\/figure>\n\n\n","protected":false},"excerpt":{"rendered":"<p>P\u0142atno\u015b\u0107 za obiady zawsze do 20-go ka\u017cdego miesi\u0105ca. UWAGA!! W zwi\u0105zku z obowi\u0105zkiem stosowania m.in. przez plac\u00f3wki szkolne Rozporz\u0105dzenia Parlamentu Europejskiego i Rady (UE) nr 1169\/2011, kt\u00f3re m\u00f3wi o obowi\u0105zku przekazywania konsumentom informacji na temat obecnych w serwowanej \u017cywno\u015bci sk\u0142adnik\u00f3w lub innych substancji mog\u0105cych powodowa\u0107 alergie nietolerancji, zamieszczamy do og\u00f3lnego zapoznania si\u0119 wyci\u0105g z w\/w [&hellip;]<\/p>\n","protected":false},"author":1,"featured_media":0,"parent":0,"menu_order":0,"comment_status":"closed","ping_status":"closed","template":"","meta":{"footnotes":""},"_links":{"self":[{"href":"https:\/\/sp5pyskowice.pl\/swietlica\/wp-json\/wp\/v2\/pages\/79"}],"collection":[{"href":"https:\/\/sp5pyskowice.pl\/swietlica\/wp-json\/wp\/v2\/pages"}],"about":[{"href":"https:\/\/sp5pyskowice.pl\/swietlica\/wp-json\/wp\/v2\/types\/page"}],"author":[{"embeddable":true,"href":"https:\/\/sp5pyskowice.pl\/swietlica\/wp-json\/wp\/v2\/users\/1"}],"replies":[{"embeddable":true,"href":"https:\/\/sp5pyskowice.pl\/swietlica\/wp-json\/wp\/v2\/comments?post=79"}],"version-history":[{"count":178,"href":"https:\/\/sp5pyskowice.pl\/swietlica\/wp-json\/wp\/v2\/pages\/79\/revisions"}],"predecessor-version":[{"id":4253,"href":"https:\/\/sp5pyskowice.pl\/swietlica\/wp-json\/wp\/v2\/pages\/79\/revisions\/4253"}],"wp:attachment":[{"href":"https:\/\/sp5pyskowice.pl\/swietlica\/wp-json\/wp\/v2\/media?parent=79"}],"curies":[{"name":"wp","href":"https:\/\/api.w.org\/{rel}","templated":true}]}}